{"id":87,"date":"2020-09-29T07:52:28","date_gmt":"2020-09-29T05:52:28","guid":{"rendered":"http:\/\/the-eisenberg.com\/?page_id=87"},"modified":"2020-10-14T18:18:33","modified_gmt":"2020-10-14T16:18:33","slug":"impressum","status":"publish","type":"page","link":"https:\/\/the-eisenberg.com\/en\/impressum\/","title":{"rendered":"Imprint"},"content":{"rendered":"<div id='av_section_1'  class='avia-section av-1bcjj-874e582a580c1a425d003a67c7b7f9a4 main_color avia-section-default avia-no-border-styling  avia-builder-el-0  avia-builder-el-no-sibling  avia-bg-style-scroll container_wrap sidebar_right'  ><div class='container av-section-cont-open' ><main  role=\"main\" itemprop=\"mainContentOfPage\"  class='template-page content  av-content-small alpha units'><div class='post-entry post-entry-type-page post-entry-87'><div class='entry-content-wrapper clearfix'>\n\n<style type=\"text\/css\" data-created_by=\"avia_inline_auto\" id=\"style-css-av-av_heading-7eb03e4790e3cc4309cf1de4f193d4a0\">\n#top .av-special-heading.av-av_heading-7eb03e4790e3cc4309cf1de4f193d4a0{\npadding-bottom:10px;\n}\nbody .av-special-heading.av-av_heading-7eb03e4790e3cc4309cf1de4f193d4a0 .av-special-heading-tag .heading-char{\nfont-size:25px;\n}\n.av-special-heading.av-av_heading-7eb03e4790e3cc4309cf1de4f193d4a0 .av-subheading{\nfont-size:15px;\n}\n<\/style>\n<div  class='av-special-heading av-av_heading-7eb03e4790e3cc4309cf1de4f193d4a0 av-special-heading-h1 blockquote modern-quote  avia-builder-el-1  el_before_av_textblock  avia-builder-el-first'><h1 class='av-special-heading-tag'  itemprop=\"headline\"  >Imprint<\/h1><div class=\"special-heading-border\"><div class=\"special-heading-inner-border\"><\/div><\/div><\/div>\n<section  class='av_textblock_section av-s167-a83e5a8d72a552f28d62dd811e4b992c'  itemscope=\"itemscope\" itemtype=\"https:\/\/schema.org\/CreativeWork\" ><div class='avia_textblock'  itemprop=\"text\" ><h2>Angaben gem\u00e4\u00df \u00a7 5 TMG<\/h2>\n<p>Inhaber<br \/>\nAndr\u00e9 Strohbach<br \/>\nThe Eisenberg<br \/>\nLimousinenservice<br \/>\nTerrassenstra\u00dfe 15<br \/>\n04720 D\u00f6beln<\/p>\n<h2>Contact<\/h2>\n<p>Telefon: 0049.3431.6980047<br \/>\nE-Mail: office@the-eisenberg.com<\/p>\n<h2>Umsatzsteuer-ID<\/h2>\n<p>Umsatzsteuer-Identifikationsnummer gem\u00e4\u00df \u00a7 27 a Umsatzsteuergesetz:<br \/>\nDE278507573<\/p>\n<h2>Verantwortlich f\u00fcr den Inhalt nach \u00a7 55 Abs. 2 RStV<\/h2>\n<p>Andr\u00e9 Strohbach<br \/>\nTerrassenstra\u00dfe 15<br \/>\n04720 D\u00f6beln<\/p>\n<h2>EU-Streitschlichtung<\/h2>\n<p>Die Europ\u00e4ische Kommission stellt eine Plattform zur Online-Streitbeilegung (OS) bereit: <a href=\"https:\/\/ec.europa.eu\/consumers\/odr\" target=\"_blank\" rel=\"noopener noreferrer\">https:\/\/ec.europa.eu\/consumers\/odr<\/a>.<br \/>\nUnsere E-Mail-Adresse finden Sie oben im Impressum.<\/p>\n<h2>Verbraucher\u00adstreit\u00adbeilegung\/Universal\u00adschlichtungs\u00adstelle<\/h2>\n<p>Wir sind nicht bereit oder verpflichtet, an Streitbeilegungsverfahren vor einer Verbraucherschlichtungsstelle teilzunehmen.<\/p>\n<h3>Haftung f\u00fcr Inhalte<\/h3>\n<p>Als Diensteanbieter sind wir gem\u00e4\u00df \u00a7 7 Abs.1 TMG f\u00fcr eigene Inhalte auf diesen Seiten nach den allgemeinen Gesetzen verantwortlich. Nach \u00a7\u00a7 8 bis 10 TMG sind wir als Diensteanbieter jedoch nicht verpflichtet, \u00fcbermittelte oder gespeicherte fremde Informationen zu \u00fcberwachen oder nach Umst\u00e4nden zu forschen, die auf eine rechtswidrige T\u00e4tigkeit hinweisen.<\/p>\n<p>Verpflichtungen zur Entfernung oder Sperrung der Nutzung von Informationen nach den allgemeinen Gesetzen bleiben hiervon unber\u00fchrt. Eine diesbez\u00fcgliche Haftung ist jedoch erst ab dem Zeitpunkt der Kenntnis einer konkreten Rechtsverletzung m\u00f6glich. Bei Bekanntwerden von entsprechenden Rechtsverletzungen werden wir diese Inhalte umgehend entfernen.<\/p>\n<h3>Haftung f\u00fcr Links<\/h3>\n<p>Unser Angebot enth\u00e4lt Links zu externen Websites Dritter, auf deren Inhalte wir keinen Einfluss haben. Deshalb k\u00f6nnen wir f\u00fcr diese fremden Inhalte auch keine Gew\u00e4hr \u00fcbernehmen. F\u00fcr die Inhalte der verlinkten Seiten ist stets der jeweilige Anbieter oder Betreiber der Seiten verantwortlich. Die verlinkten Seiten wurden zum Zeitpunkt der Verlinkung auf m\u00f6gliche Rechtsverst\u00f6\u00dfe \u00fcberpr\u00fcft. Rechtswidrige Inhalte waren zum Zeitpunkt der Verlinkung nicht erkennbar.<\/p>\n<p>Eine permanente inhaltliche Kontrolle der verlinkten Seiten ist jedoch ohne konkrete Anhaltspunkte einer Rechtsverletzung nicht zumutbar. Bei Bekanntwerden von Rechtsverletzungen werden wir derartige Links umgehend entfernen.<\/p>\n<h3>Urheberrecht<\/h3>\n<p>Die durch die Seitenbetreiber erstellten Inhalte und Werke auf diesen Seiten unterliegen dem deutschen Urheberrecht. Die Vervielf\u00e4ltigung, Bearbeitung, Verbreitung und jede Art der Verwertung au\u00dferhalb der Grenzen des Urheberrechtes bed\u00fcrfen der schriftlichen Zustimmung des jeweiligen Autors bzw. Erstellers. Downloads und Kopien dieser Seite sind nur f\u00fcr den privaten, nicht kommerziellen Gebrauch gestattet.<\/p>\n<p>Soweit die Inhalte auf dieser Seite nicht vom Betreiber erstellt wurden, werden die Urheberrechte Dritter beachtet. Insbesondere werden Inhalte Dritter als solche gekennzeichnet. Sollten Sie trotzdem auf eine Urheberrechtsverletzung aufmerksam werden, bitten wir um einen entsprechenden Hinweis. Bei Bekanntwerden von Rechtsverletzungen werden wir derartige Inhalte umgehend entfernen.<\/p>\n<\/div><\/section>\n<section  class='av_textblock_section av-kg9llja0-618e1ade3a5570a0f21623b900f31576'  itemscope=\"itemscope\" itemtype=\"https:\/\/schema.org\/CreativeWork\" ><div class='avia_textblock'  itemprop=\"text\" ><p><strong>Fotos \u2013 Bilder \u2013 Lizenzierungen<\/strong><\/p>\n<p>Andr\u00e9 Strohbach Eisenberg Linmousinenservice<\/p>\n<p>Fotolia_93887277_XL.jpg Dresden &#8211; Semperoper, Germany, by TTstudio<br \/>\nFotolia_24942882_XL.jpg Neues Rathaus von Leipzig bei Nacht by \u00a0twoandonebuilding<br \/>\nDresden-Fotolia_76372753_XXL.jpg Dresden by rudi1976<br \/>\nFotolia_100558840_XXL.png Dresden \u2013 Germany by tichr<\/p>\n<p>frankfurt-4945405_1920.jpg Leonhard Niederwimmer \u2013 Pixabay<br \/>\nmarriage-636018.jpg NGDPhotoworks \u2013 Pixabay<br \/>\nmacbook-336704_1920.jpg Free-Photos \u2013 Pixabay<br \/>\nbusiness-1031754_1920.jpg Free-Photos \u2013 Pixabay<\/p>\n<\/div><\/section>\n<\/div><\/div><\/main><!-- close content main element --><\/div><\/div><div id='after_section_1'  class='main_color av_default_container_wrap container_wrap sidebar_right'  ><div class='container av-section-cont-open' ><div class='template-page content  av-content-small alpha units'><div class='post-entry post-entry-type-page post-entry-87'><div class='entry-content-wrapper clearfix'>","protected":false},"excerpt":{"rendered":"","protected":false},"author":1,"featured_media":0,"parent":0,"menu_order":0,"comment_status":"closed","ping_status":"closed","template":"","meta":[],"yoast_head":"<!-- This site is optimized with the Yoast SEO plugin v19.9 - https:\/\/yoast.com\/wordpress\/plugins\/seo\/ -->\n<title>Impressum - Eisenberg Limousinenservice - Wir bewegen Sie. Andr\u00e9 Strohbach<\/title>\n<meta name=\"robots\" content=\"index, follow, max-snippet:-1, max-image-preview:large, max-video-preview:-1\" \/>\n<link rel=\"canonical\" href=\"https:\/\/the-eisenberg.com\/en\/impressum\/\" \/>\n<meta property=\"og:locale\" content=\"en_GB\" \/>\n<meta property=\"og:type\" content=\"article\" \/>\n<meta property=\"og:title\" content=\"Impressum - Eisenberg Limousinenservice - Wir bewegen Sie. Andr\u00e9 Strohbach\" \/>\n<meta property=\"og:url\" content=\"https:\/\/the-eisenberg.com\/en\/impressum\/\" \/>\n<meta property=\"og:site_name\" content=\"Eisenberg Limousinenservice - Wir bewegen Sie. Andr\u00e9 Strohbach\" \/>\n<meta property=\"article:publisher\" content=\"https:\/\/www.facebook.com\/EISENBERG-Limousinen-291469437978449\/\" \/>\n<meta property=\"article:modified_time\" content=\"2020-10-14T16:18:33+00:00\" \/>\n<meta name=\"twitter:card\" content=\"summary_large_image\" \/>\n<meta name=\"twitter:label1\" content=\"Estimated reading time\" \/>\n\t<meta name=\"twitter:data1\" content=\"4 minutes\" \/>\n<script type=\"application\/ld+json\" class=\"yoast-schema-graph\">{\"@context\":\"https:\/\/schema.org\",\"@graph\":[{\"@type\":\"WebPage\",\"@id\":\"https:\/\/the-eisenberg.com\/impressum\/\",\"url\":\"https:\/\/the-eisenberg.com\/impressum\/\",\"name\":\"Impressum - Eisenberg Limousinenservice - Wir bewegen Sie. Andr\u00e9 Strohbach\",\"isPartOf\":{\"@id\":\"https:\/\/the-eisenberg.com\/#website\"},\"datePublished\":\"2020-09-29T05:52:28+00:00\",\"dateModified\":\"2020-10-14T16:18:33+00:00\",\"breadcrumb\":{\"@id\":\"https:\/\/the-eisenberg.com\/impressum\/#breadcrumb\"},\"inLanguage\":\"en-GB\",\"potentialAction\":[{\"@type\":\"ReadAction\",\"target\":[\"https:\/\/the-eisenberg.com\/impressum\/\"]}]},{\"@type\":\"BreadcrumbList\",\"@id\":\"https:\/\/the-eisenberg.com\/impressum\/#breadcrumb\",\"itemListElement\":[{\"@type\":\"ListItem\",\"position\":1,\"name\":\"Home\",\"item\":\"https:\/\/the-eisenberg.com\/home\/\"},{\"@type\":\"ListItem\",\"position\":2,\"name\":\"Impressum\"}]},{\"@type\":\"WebSite\",\"@id\":\"https:\/\/the-eisenberg.com\/#website\",\"url\":\"https:\/\/the-eisenberg.com\/\",\"name\":\"Eisenberg Limousinenservice - Wir bewegen Sie. Andr\u00e9 Strohbach\",\"description\":\"Shuttle &amp; Chauffeurservice Leipzig Dresden Chemnitz-Sachsen\",\"potentialAction\":[{\"@type\":\"SearchAction\",\"target\":{\"@type\":\"EntryPoint\",\"urlTemplate\":\"https:\/\/the-eisenberg.com\/?s={search_term_string}\"},\"query-input\":\"required name=search_term_string\"}],\"inLanguage\":\"en-GB\"}]}<\/script>\n<!-- \/ Yoast SEO plugin. -->","yoast_head_json":{"title":"Impressum - Eisenberg Limousinenservice - Wir bewegen Sie. Andr\u00e9 Strohbach","robots":{"index":"index","follow":"follow","max-snippet":"max-snippet:-1","max-image-preview":"max-image-preview:large","max-video-preview":"max-video-preview:-1"},"canonical":"https:\/\/the-eisenberg.com\/en\/impressum\/","og_locale":"en_GB","og_type":"article","og_title":"Impressum - Eisenberg Limousinenservice - Wir bewegen Sie. Andr\u00e9 Strohbach","og_url":"https:\/\/the-eisenberg.com\/en\/impressum\/","og_site_name":"Eisenberg Limousinenservice - Wir bewegen Sie. Andr\u00e9 Strohbach","article_publisher":"https:\/\/www.facebook.com\/EISENBERG-Limousinen-291469437978449\/","article_modified_time":"2020-10-14T16:18:33+00:00","twitter_card":"summary_large_image","twitter_misc":{"Estimated reading time":"4 minutes"},"schema":{"@context":"https:\/\/schema.org","@graph":[{"@type":"WebPage","@id":"https:\/\/the-eisenberg.com\/impressum\/","url":"https:\/\/the-eisenberg.com\/impressum\/","name":"Impressum - Eisenberg Limousinenservice - Wir bewegen Sie. Andr\u00e9 Strohbach","isPartOf":{"@id":"https:\/\/the-eisenberg.com\/#website"},"datePublished":"2020-09-29T05:52:28+00:00","dateModified":"2020-10-14T16:18:33+00:00","breadcrumb":{"@id":"https:\/\/the-eisenberg.com\/impressum\/#breadcrumb"},"inLanguage":"en-GB","potentialAction":[{"@type":"ReadAction","target":["https:\/\/the-eisenberg.com\/impressum\/"]}]},{"@type":"BreadcrumbList","@id":"https:\/\/the-eisenberg.com\/impressum\/#breadcrumb","itemListElement":[{"@type":"ListItem","position":1,"name":"Home","item":"https:\/\/the-eisenberg.com\/home\/"},{"@type":"ListItem","position":2,"name":"Impressum"}]},{"@type":"WebSite","@id":"https:\/\/the-eisenberg.com\/#website","url":"https:\/\/the-eisenberg.com\/","name":"Eisenberg Limousinenservice - Wir bewegen Sie. Andr\u00e9 Strohbach","description":"Shuttle &amp; Chauffeurservice Leipzig Dresden Chemnitz-Sachsen","potentialAction":[{"@type":"SearchAction","target":{"@type":"EntryPoint","urlTemplate":"https:\/\/the-eisenberg.com\/?s={search_term_string}"},"query-input":"required name=search_term_string"}],"inLanguage":"en-GB"}]}},"_links":{"self":[{"href":"https:\/\/the-eisenberg.com\/en\/wp-json\/wp\/v2\/pages\/87"}],"collection":[{"href":"https:\/\/the-eisenberg.com\/en\/wp-json\/wp\/v2\/pages"}],"about":[{"href":"https:\/\/the-eisenberg.com\/en\/wp-json\/wp\/v2\/types\/page"}],"author":[{"embeddable":true,"href":"https:\/\/the-eisenberg.com\/en\/wp-json\/wp\/v2\/users\/1"}],"replies":[{"embeddable":true,"href":"https:\/\/the-eisenberg.com\/en\/wp-json\/wp\/v2\/comments?post=87"}],"version-history":[{"count":7,"href":"https:\/\/the-eisenberg.com\/en\/wp-json\/wp\/v2\/pages\/87\/revisions"}],"predecessor-version":[{"id":786,"href":"https:\/\/the-eisenberg.com\/en\/wp-json\/wp\/v2\/pages\/87\/revisions\/786"}],"wp:attachment":[{"href":"https:\/\/the-eisenberg.com\/en\/wp-json\/wp\/v2\/media?parent=87"}],"curies":[{"name":"wp","href":"https:\/\/api.w.org\/{rel}","templated":true}]}}