{"id":142,"date":"2020-09-29T09:44:22","date_gmt":"2020-09-29T07:44:22","guid":{"rendered":"http:\/\/the-eisenberg.com\/?page_id=142"},"modified":"2020-10-23T18:44:05","modified_gmt":"2020-10-23T16:44:05","slug":"limousine","status":"publish","type":"page","link":"https:\/\/the-eisenberg.com\/en\/limousine\/","title":{"rendered":"Limousine"},"content":{"rendered":"<div id='full_slider_1'  class='avia-fullwidth-slider main_color avia-shadow   avia-builder-el-0  el_before_av_section  avia-builder-el-first   container_wrap sidebar_right'  ><div  class='avia-slideshow av-kg7rzi2t-0672f4205260bd65e9d09c28be07eb40 avia-slideshow-featured av_slideshow_full avia-slide-slider av-slideshow-ui av-control-default av-slideshow-manual av-loop-once av-loop-manual-endless av-default-height-applied   avia-slideshow-1' data-slideshow-options=\"{&quot;animation&quot;:&quot;slide&quot;,&quot;autoplay&quot;:false,&quot;loop_autoplay&quot;:&quot;once&quot;,&quot;interval&quot;:5,&quot;loop_manual&quot;:&quot;manual-endless&quot;,&quot;autoplay_stopper&quot;:false,&quot;noNavigation&quot;:false,&quot;bg_slider&quot;:false,&quot;keep_padding&quot;:false,&quot;hoverpause&quot;:false,&quot;show_slide_delay&quot;:0}\"  itemprop=\"image\" itemscope=\"itemscope\" itemtype=\"https:\/\/schema.org\/ImageObject\" ><ul class='avia-slideshow-inner' style='padding-bottom: 28.666666666667%;'><li  class='avia-slideshow-slide av-kg7rzi2t-0672f4205260bd65e9d09c28be07eb40__0  av-single-slide slide-1 slide-odd'><div data-rel='slideshow-1' class='avia-slide-wrap'   ><img decoding=\"async\" class=\"wp-image-639 avia-img-lazy-loading-not-639\"  src=\"https:\/\/the-eisenberg.com\/wp-content\/uploads\/2020\/10\/Eisenberg-Limousinenservic-1500x430.jpg\" width=\"1500\" height=\"430\" title='Eisenberg-Limousinenservice' alt='Eisenberg-Limousinenservice'  itemprop=\"thumbnailUrl\"   \/><\/div><\/li><\/ul><\/div><\/div>\n<div id='av_section_1'  class='avia-section av-gj3py-ed01213b4c3f20972a8f5bfca2669746 main_color avia-section-default avia-no-border-styling  avia-builder-el-1  el_after_av_slideshow_full  avia-builder-el-last  avia-bg-style-scroll container_wrap sidebar_right'  ><div class='container av-section-cont-open' ><div class='template-page content  av-content-small alpha units'><div class='post-entry post-entry-type-page post-entry-142'><div class='entry-content-wrapper clearfix'>\n\n<style type=\"text\/css\" data-created_by=\"avia_inline_auto\" id=\"style-css-av-av_heading-b80785259689a58fcad77de217b4c620\">\n#top .av-special-heading.av-av_heading-b80785259689a58fcad77de217b4c620{\npadding-bottom:10px;\n}\nbody .av-special-heading.av-av_heading-b80785259689a58fcad77de217b4c620 .av-special-heading-tag .heading-char{\nfont-size:25px;\n}\n.av-special-heading.av-av_heading-b80785259689a58fcad77de217b4c620 .av-subheading{\nfont-size:15px;\n}\n<\/style>\n<div  class='av-special-heading av-av_heading-b80785259689a58fcad77de217b4c620 av-special-heading-h1 blockquote modern-quote  avia-builder-el-2  el_before_av_textblock  avia-builder-el-first'><h1 class='av-special-heading-tag'  itemprop=\"headline\"  >Limousine<\/h1><div class=\"special-heading-border\"><div class=\"special-heading-inner-border\"><\/div><\/div><\/div>\n<section  class='av_textblock_section av-2idy-963a5177272d4dc964259c073c984554'  itemscope=\"itemscope\" itemtype=\"https:\/\/schema.org\/CreativeWork\" ><div class='avia_textblock'  itemprop=\"text\" ><p style=\"text-align: justify;\"><strong>EISENBERG<\/strong> bietet Ihnen h\u00f6chste Qualit\u00e4t in Luxus-Limousinen mit professionellen Chauffeuren, deren oberste Priorit\u00e4t Ihre Zufriedenheit ist. Durch die langj\u00e4hrige Erfahrung bei der Durchf\u00fchrung zahlreicher Gro\u00dfevents, Roadshows, Staatsbesuche und exklusiver Veranstaltungen garantieren wir Ihnen eine umfangreiche Unterst\u00fctzung und eine professionelle Umsetzung Ihrer Vorstellungen.<\/p>\n<\/div><\/section>\n\n<style type=\"text\/css\" data-created_by=\"avia_inline_auto\" id=\"style-css-av-kg7ptmvf-8d04f3c7e1edc9d6f6f4cd332b5450d6\">\n@-webkit-keyframes av_boxShadowEffect_av-kg7ptmvf-8d04f3c7e1edc9d6f6f4cd332b5450d6-column {\n0%   { box-shadow:  0 0 0 0 #cdcdcd; opacity: 1; }\n100% { box-shadow:  0 0 4px 0 #cdcdcd; opacity: 1; }\n}\n@keyframes av_boxShadowEffect_av-kg7ptmvf-8d04f3c7e1edc9d6f6f4cd332b5450d6-column {\n0%   { box-shadow:  0 0 0 0 #cdcdcd; opacity: 1; }\n100% { box-shadow:  0 0 4px 0 #cdcdcd; opacity: 1; }\n}\n.flex_column.av-kg7ptmvf-8d04f3c7e1edc9d6f6f4cd332b5450d6{\nbox-shadow: 0 0 4px 0 #cdcdcd;\nborder-width:1px;\nborder-color:#cdcdcd;\nborder-style:solid;\n-webkit-border-radius:5px 5px 5px 5px;\n-moz-border-radius:5px 5px 5px 5px;\nborder-radius:5px 5px 5px 5px;\npadding:10px 10px 10px 10px;\n}\n<\/style>\n<div class='flex_column av-kg7ptmvf-8d04f3c7e1edc9d6f6f4cd332b5450d6 av_one_third  avia-builder-el-4  el_after_av_textblock  el_before_av_one_third  first flex_column_div av-animated-generic bottom-to-top shadow-not-animated column-top-margin'     ><style type=\"text\/css\" data-created_by=\"avia_inline_auto\" id=\"style-css-av-kg7s141s-7e09e8a3ec0e5c85e68ed43255fed17f\">\n.avia-image-container.av-kg7s141s-7e09e8a3ec0e5c85e68ed43255fed17f img.avia_image{\nbox-shadow:none;\n}\n.avia-image-container.av-kg7s141s-7e09e8a3ec0e5c85e68ed43255fed17f .av-image-caption-overlay-center{\ncolor:#ffffff;\n}\n<\/style>\n<div  class='avia-image-container av-kg7s141s-7e09e8a3ec0e5c85e68ed43255fed17f av-styling- av-hover-grow av-hide-overflow avia-align-center  avia-builder-el-5  avia-builder-el-no-sibling'   itemprop=\"image\" itemscope=\"itemscope\" itemtype=\"https:\/\/schema.org\/ImageObject\" ><div class=\"avia-image-container-inner\"><div class=\"avia-image-overlay-wrap\"><img decoding=\"async\" class='wp-image-218 avia-img-lazy-loading-not-218 avia_image' src=\"https:\/\/the-eisenberg.com\/wp-content\/uploads\/2020\/09\/The-Eisenberg_03-495x400.jpg\" alt='The Eisenberg' title='The Eisenberg'  height=\"400\" width=\"495\"  itemprop=\"thumbnailUrl\" srcset=\"https:\/\/the-eisenberg.com\/wp-content\/uploads\/2020\/09\/The-Eisenberg_03-495x400.jpg 495w, https:\/\/the-eisenberg.com\/wp-content\/uploads\/2020\/09\/The-Eisenberg_03-845x684.jpg 845w\" sizes=\"(max-width: 495px) 100vw, 495px\" \/><\/div><\/div><\/div><\/div>\n<style type=\"text\/css\" data-created_by=\"avia_inline_auto\" id=\"style-css-av-kg7ptmvf-038bf9a89534ff8c58fd8ce7269599b8\">\n@-webkit-keyframes av_boxShadowEffect_av-kg7ptmvf-038bf9a89534ff8c58fd8ce7269599b8-column {\n0%   { box-shadow:  0 0 0 0 #cdcdcd; opacity: 1; }\n100% { box-shadow:  0 0 4px 0 #cdcdcd; opacity: 1; }\n}\n@keyframes av_boxShadowEffect_av-kg7ptmvf-038bf9a89534ff8c58fd8ce7269599b8-column {\n0%   { box-shadow:  0 0 0 0 #cdcdcd; opacity: 1; }\n100% { box-shadow:  0 0 4px 0 #cdcdcd; opacity: 1; }\n}\n.flex_column.av-kg7ptmvf-038bf9a89534ff8c58fd8ce7269599b8{\nbox-shadow: 0 0 4px 0 #cdcdcd;\nborder-width:1px;\nborder-color:#cdcdcd;\nborder-style:solid;\n-webkit-border-radius:5px 5px 5px 5px;\n-moz-border-radius:5px 5px 5px 5px;\nborder-radius:5px 5px 5px 5px;\npadding:10px 10px 10px 10px;\n}\n<\/style>\n<div class='flex_column av-kg7ptmvf-038bf9a89534ff8c58fd8ce7269599b8 av_one_third  avia-builder-el-6  el_after_av_one_third  el_before_av_one_third  flex_column_div av-animated-generic bottom-to-top shadow-not-animated column-top-margin'     ><style type=\"text\/css\" data-created_by=\"avia_inline_auto\" id=\"style-css-av-kg7s141s-f01723c339a7c37c49aa9cfd53cbb6b0\">\n.avia-image-container.av-kg7s141s-f01723c339a7c37c49aa9cfd53cbb6b0 img.avia_image{\nbox-shadow:none;\n}\n.avia-image-container.av-kg7s141s-f01723c339a7c37c49aa9cfd53cbb6b0 .av-image-caption-overlay-center{\ncolor:#ffffff;\n}\n<\/style>\n<div  class='avia-image-container av-kg7s141s-f01723c339a7c37c49aa9cfd53cbb6b0 av-styling- av-hover-grow av-hide-overflow avia-align-center  avia-builder-el-7  avia-builder-el-no-sibling'   itemprop=\"image\" itemscope=\"itemscope\" itemtype=\"https:\/\/schema.org\/ImageObject\" ><div class=\"avia-image-container-inner\"><div class=\"avia-image-overlay-wrap\"><img decoding=\"async\" class='wp-image-802 avia-img-lazy-loading-not-802 avia_image' src=\"https:\/\/the-eisenberg.com\/wp-content\/uploads\/2020\/10\/The-Eisenberg-Limo_003-495x400.jpg\" alt='The Eisenberg Limousinenservice' title='The Eisenberg Limousinenservice'  height=\"400\" width=\"495\"  itemprop=\"thumbnailUrl\" srcset=\"https:\/\/the-eisenberg.com\/wp-content\/uploads\/2020\/10\/The-Eisenberg-Limo_003-495x400.jpg 495w, https:\/\/the-eisenberg.com\/wp-content\/uploads\/2020\/10\/The-Eisenberg-Limo_003-16x12.jpg 16w, https:\/\/the-eisenberg.com\/wp-content\/uploads\/2020\/10\/The-Eisenberg-Limo_003-845x684.jpg 845w\" sizes=\"(max-width: 495px) 100vw, 495px\" \/><\/div><\/div><\/div><\/div>\n<style type=\"text\/css\" data-created_by=\"avia_inline_auto\" id=\"style-css-av-kg7ptmvf-038bf9a89534ff8c58fd8ce7269599b8\">\n@-webkit-keyframes av_boxShadowEffect_av-kg7ptmvf-038bf9a89534ff8c58fd8ce7269599b8-column {\n0%   { box-shadow:  0 0 0 0 #cdcdcd; opacity: 1; }\n100% { box-shadow:  0 0 4px 0 #cdcdcd; opacity: 1; }\n}\n@keyframes av_boxShadowEffect_av-kg7ptmvf-038bf9a89534ff8c58fd8ce7269599b8-column {\n0%   { box-shadow:  0 0 0 0 #cdcdcd; opacity: 1; }\n100% { box-shadow:  0 0 4px 0 #cdcdcd; opacity: 1; }\n}\n.flex_column.av-kg7ptmvf-038bf9a89534ff8c58fd8ce7269599b8{\nbox-shadow: 0 0 4px 0 #cdcdcd;\nborder-width:1px;\nborder-color:#cdcdcd;\nborder-style:solid;\n-webkit-border-radius:5px 5px 5px 5px;\n-moz-border-radius:5px 5px 5px 5px;\nborder-radius:5px 5px 5px 5px;\npadding:10px 10px 10px 10px;\n}\n<\/style>\n<div class='flex_column av-kg7ptmvf-038bf9a89534ff8c58fd8ce7269599b8 av_one_third  avia-builder-el-8  el_after_av_one_third  avia-builder-el-last  flex_column_div av-animated-generic bottom-to-top shadow-not-animated column-top-margin'     ><style type=\"text\/css\" data-created_by=\"avia_inline_auto\" id=\"style-css-av-kg7s141s-4cb1bea382a902cfe8ed584bb70d70db\">\n.avia-image-container.av-kg7s141s-4cb1bea382a902cfe8ed584bb70d70db img.avia_image{\nbox-shadow:none;\n}\n.avia-image-container.av-kg7s141s-4cb1bea382a902cfe8ed584bb70d70db .av-image-caption-overlay-center{\ncolor:#ffffff;\n}\n<\/style>\n<div  class='avia-image-container av-kg7s141s-4cb1bea382a902cfe8ed584bb70d70db av-styling- av-hover-grow av-hide-overflow avia-align-center  avia-builder-el-9  avia-builder-el-no-sibling'   itemprop=\"image\" itemscope=\"itemscope\" itemtype=\"https:\/\/schema.org\/ImageObject\" ><div class=\"avia-image-container-inner\"><div class=\"avia-image-overlay-wrap\"><img decoding=\"async\" class='wp-image-178 avia-img-lazy-loading-not-178 avia_image' src=\"https:\/\/the-eisenberg.com\/wp-content\/uploads\/2020\/09\/S-Klasse-Mercedes-Benz-495x400.jpg\" alt='The Eisenberg Limousinenservice' title='The Eisenberg Limousinenservice'  height=\"400\" width=\"495\"  itemprop=\"thumbnailUrl\" srcset=\"https:\/\/the-eisenberg.com\/wp-content\/uploads\/2020\/09\/S-Klasse-Mercedes-Benz-495x400.jpg 495w, https:\/\/the-eisenberg.com\/wp-content\/uploads\/2020\/09\/S-Klasse-Mercedes-Benz-845x684.jpg 845w\" sizes=\"(max-width: 495px) 100vw, 495px\" \/><\/div><\/div><\/div><\/div><\/div><\/div><\/div><!-- close content main div --><\/div><\/div><div id='after_section_1'  class='main_color av_default_container_wrap container_wrap sidebar_right'  ><div class='container av-section-cont-open' ><div class='template-page content  av-content-small alpha units'><div class='post-entry post-entry-type-page post-entry-142'><div class='entry-content-wrapper clearfix'>","protected":false},"excerpt":{"rendered":"","protected":false},"author":1,"featured_media":0,"parent":0,"menu_order":0,"comment_status":"closed","ping_status":"closed","template":"","meta":[],"yoast_head":"<!-- This site is optimized with the Yoast SEO plugin v19.9 - https:\/\/yoast.com\/wordpress\/plugins\/seo\/ -->\n<title>Limousine - Eisenberg Limousinenservice - Wir bewegen Sie. Andr\u00e9 Strohbach<\/title>\n<meta name=\"robots\" content=\"index, follow, max-snippet:-1, max-image-preview:large, max-video-preview:-1\" \/>\n<link rel=\"canonical\" href=\"https:\/\/the-eisenberg.com\/en\/limousine\/\" \/>\n<meta property=\"og:locale\" content=\"en_GB\" \/>\n<meta property=\"og:type\" content=\"article\" \/>\n<meta property=\"og:title\" content=\"Limousine - Eisenberg Limousinenservice - Wir bewegen Sie. Andr\u00e9 Strohbach\" \/>\n<meta property=\"og:url\" content=\"https:\/\/the-eisenberg.com\/en\/limousine\/\" \/>\n<meta property=\"og:site_name\" content=\"Eisenberg Limousinenservice - Wir bewegen Sie. Andr\u00e9 Strohbach\" \/>\n<meta property=\"article:publisher\" content=\"https:\/\/www.facebook.com\/EISENBERG-Limousinen-291469437978449\/\" \/>\n<meta property=\"article:modified_time\" content=\"2020-10-23T16:44:05+00:00\" \/>\n<meta name=\"twitter:card\" content=\"summary_large_image\" \/>\n<meta name=\"twitter:label1\" content=\"Estimated reading time\" \/>\n\t<meta name=\"twitter:data1\" content=\"6 minutes\" \/>\n<script type=\"application\/ld+json\" class=\"yoast-schema-graph\">{\"@context\":\"https:\/\/schema.org\",\"@graph\":[{\"@type\":\"WebPage\",\"@id\":\"https:\/\/the-eisenberg.com\/limousine\/\",\"url\":\"https:\/\/the-eisenberg.com\/limousine\/\",\"name\":\"Limousine - Eisenberg Limousinenservice - Wir bewegen Sie. Andr\u00e9 Strohbach\",\"isPartOf\":{\"@id\":\"https:\/\/the-eisenberg.com\/#website\"},\"datePublished\":\"2020-09-29T07:44:22+00:00\",\"dateModified\":\"2020-10-23T16:44:05+00:00\",\"breadcrumb\":{\"@id\":\"https:\/\/the-eisenberg.com\/limousine\/#breadcrumb\"},\"inLanguage\":\"en-GB\",\"potentialAction\":[{\"@type\":\"ReadAction\",\"target\":[\"https:\/\/the-eisenberg.com\/limousine\/\"]}]},{\"@type\":\"BreadcrumbList\",\"@id\":\"https:\/\/the-eisenberg.com\/limousine\/#breadcrumb\",\"itemListElement\":[{\"@type\":\"ListItem\",\"position\":1,\"name\":\"Home\",\"item\":\"https:\/\/the-eisenberg.com\/home\/\"},{\"@type\":\"ListItem\",\"position\":2,\"name\":\"Limousine\"}]},{\"@type\":\"WebSite\",\"@id\":\"https:\/\/the-eisenberg.com\/#website\",\"url\":\"https:\/\/the-eisenberg.com\/\",\"name\":\"Eisenberg Limousinenservice - Wir bewegen Sie. Andr\u00e9 Strohbach\",\"description\":\"Shuttle &amp; Chauffeurservice Leipzig Dresden Chemnitz-Sachsen\",\"potentialAction\":[{\"@type\":\"SearchAction\",\"target\":{\"@type\":\"EntryPoint\",\"urlTemplate\":\"https:\/\/the-eisenberg.com\/?s={search_term_string}\"},\"query-input\":\"required name=search_term_string\"}],\"inLanguage\":\"en-GB\"}]}<\/script>\n<!-- \/ Yoast SEO plugin. -->","yoast_head_json":{"title":"Limousine - Eisenberg Limousinenservice - Wir bewegen Sie. Andr\u00e9 Strohbach","robots":{"index":"index","follow":"follow","max-snippet":"max-snippet:-1","max-image-preview":"max-image-preview:large","max-video-preview":"max-video-preview:-1"},"canonical":"https:\/\/the-eisenberg.com\/en\/limousine\/","og_locale":"en_GB","og_type":"article","og_title":"Limousine - Eisenberg Limousinenservice - Wir bewegen Sie. Andr\u00e9 Strohbach","og_url":"https:\/\/the-eisenberg.com\/en\/limousine\/","og_site_name":"Eisenberg Limousinenservice - Wir bewegen Sie. Andr\u00e9 Strohbach","article_publisher":"https:\/\/www.facebook.com\/EISENBERG-Limousinen-291469437978449\/","article_modified_time":"2020-10-23T16:44:05+00:00","twitter_card":"summary_large_image","twitter_misc":{"Estimated reading time":"6 minutes"},"schema":{"@context":"https:\/\/schema.org","@graph":[{"@type":"WebPage","@id":"https:\/\/the-eisenberg.com\/limousine\/","url":"https:\/\/the-eisenberg.com\/limousine\/","name":"Limousine - Eisenberg Limousinenservice - Wir bewegen Sie. Andr\u00e9 Strohbach","isPartOf":{"@id":"https:\/\/the-eisenberg.com\/#website"},"datePublished":"2020-09-29T07:44:22+00:00","dateModified":"2020-10-23T16:44:05+00:00","breadcrumb":{"@id":"https:\/\/the-eisenberg.com\/limousine\/#breadcrumb"},"inLanguage":"en-GB","potentialAction":[{"@type":"ReadAction","target":["https:\/\/the-eisenberg.com\/limousine\/"]}]},{"@type":"BreadcrumbList","@id":"https:\/\/the-eisenberg.com\/limousine\/#breadcrumb","itemListElement":[{"@type":"ListItem","position":1,"name":"Home","item":"https:\/\/the-eisenberg.com\/home\/"},{"@type":"ListItem","position":2,"name":"Limousine"}]},{"@type":"WebSite","@id":"https:\/\/the-eisenberg.com\/#website","url":"https:\/\/the-eisenberg.com\/","name":"Eisenberg Limousinenservice - Wir bewegen Sie. Andr\u00e9 Strohbach","description":"Shuttle &amp; Chauffeurservice Leipzig Dresden Chemnitz-Sachsen","potentialAction":[{"@type":"SearchAction","target":{"@type":"EntryPoint","urlTemplate":"https:\/\/the-eisenberg.com\/?s={search_term_string}"},"query-input":"required name=search_term_string"}],"inLanguage":"en-GB"}]}},"_links":{"self":[{"href":"https:\/\/the-eisenberg.com\/en\/wp-json\/wp\/v2\/pages\/142"}],"collection":[{"href":"https:\/\/the-eisenberg.com\/en\/wp-json\/wp\/v2\/pages"}],"about":[{"href":"https:\/\/the-eisenberg.com\/en\/wp-json\/wp\/v2\/types\/page"}],"author":[{"embeddable":true,"href":"https:\/\/the-eisenberg.com\/en\/wp-json\/wp\/v2\/users\/1"}],"replies":[{"embeddable":true,"href":"https:\/\/the-eisenberg.com\/en\/wp-json\/wp\/v2\/comments?post=142"}],"version-history":[{"count":12,"href":"https:\/\/the-eisenberg.com\/en\/wp-json\/wp\/v2\/pages\/142\/revisions"}],"predecessor-version":[{"id":1079,"href":"https:\/\/the-eisenberg.com\/en\/wp-json\/wp\/v2\/pages\/142\/revisions\/1079"}],"wp:attachment":[{"href":"https:\/\/the-eisenberg.com\/en\/wp-json\/wp\/v2\/media?parent=142"}],"curies":[{"name":"wp","href":"https:\/\/api.w.org\/{rel}","templated":true}]}}