{"id":1225,"date":"2021-11-02T20:49:47","date_gmt":"2021-11-02T19:49:47","guid":{"rendered":"https:\/\/the-eisenberg.com\/?page_id=1225"},"modified":"2021-11-03T07:54:35","modified_gmt":"2021-11-03T06:54:35","slug":"krankenbefoerderung","status":"publish","type":"page","link":"https:\/\/the-eisenberg.com\/en\/krankenbefoerderung\/","title":{"rendered":"Krankenbef\u00f6rderung"},"content":{"rendered":"<div id='krankenbefoerderung'  class='avia-section av-wp0a6h-a3a01721f5fee9454a07d9ec097e2801 main_color avia-section-default avia-shadow  avia-builder-el-0  avia-builder-el-no-sibling  avia-bg-style-scroll container_wrap sidebar_right'  ><div class='container av-section-cont-open' ><main  role=\"main\" itemprop=\"mainContentOfPage\"  class='template-page content  av-content-small alpha units'><div class='post-entry post-entry-type-page post-entry-1225'><div class='entry-content-wrapper clearfix'>\n\n<style type=\"text\/css\" data-created_by=\"avia_inline_auto\" id=\"style-css-av-tzizax-214d80916abc663229a7eaccd1c00d64\">\n#top .av-special-heading.av-tzizax-214d80916abc663229a7eaccd1c00d64{\npadding-bottom:60px;\ncolor:#0d2b1c;\n}\nbody .av-special-heading.av-tzizax-214d80916abc663229a7eaccd1c00d64 .av-special-heading-tag .heading-char{\nfont-size:25px;\n}\n.av-special-heading.av-tzizax-214d80916abc663229a7eaccd1c00d64 .special-heading-inner-border{\nborder-color:#0d2b1c;\n}\n.av-special-heading.av-tzizax-214d80916abc663229a7eaccd1c00d64 .av-subheading{\nfont-size:20px;\ncolor:rgba(13,43,28,0.7);\n}\nbody .av-special-heading.av-tzizax-214d80916abc663229a7eaccd1c00d64 .av-special-heading-tag .heading-wrap:before{\nborder-color:#0d2b1c;\n}\nbody .av-special-heading.av-tzizax-214d80916abc663229a7eaccd1c00d64 .av-special-heading-tag .heading-wrap:after{\nborder-color:#0d2b1c;\n}\n\n@media only screen and (max-width: 479px){ \n#top #wrap_all .av-special-heading.av-tzizax-214d80916abc663229a7eaccd1c00d64 .av-special-heading-tag{\nfont-size:24px;\n}\n}\n<\/style>\n<div  class='av-special-heading av-tzizax-214d80916abc663229a7eaccd1c00d64 av-special-heading-h1 custom-color-heading blockquote modern-quote  avia-builder-el-1  el_before_av_one_half  avia-builder-el-first'><h1 class='av-special-heading-tag'  itemprop=\"headline\"  >Krankenbef\u00f6rderung<\/h1><div class='av_custom_color av-subheading av-subheading_below'><p>&#8230;wir bieten Ihnen folgende Leisungen.<\/p>\n<\/div><div class=\"special-heading-border\"><div class=\"special-heading-inner-border\"><\/div><\/div><\/div>\n<div class='flex_column av-t9r4ix-5e1808207109ca5473eda5b916d4ac03 av_one_half  avia-builder-el-2  el_after_av_heading  el_before_av_one_half  first flex_column_div av-animated-generic left-to-right'     ><style type=\"text\/css\" data-created_by=\"avia_inline_auto\" id=\"style-css-av-r146cp-bca2f30ffcb97f9d6ae3b4099b5a3e08\">\n#top .avia-icon-list-container.av-r146cp-bca2f30ffcb97f9d6ae3b4099b5a3e08 .iconlist_icon{\ncolor:#0d2b1c;\nbackground-color:#ffffff;\nborder:1px solid #ffffff;\n}\n#top #wrap_all .avia-icon-list-container.av-r146cp-bca2f30ffcb97f9d6ae3b4099b5a3e08 .av_iconlist_title{\ncolor:#0d2b1c;\n}\n.avia-icon-list-container.av-r146cp-bca2f30ffcb97f9d6ae3b4099b5a3e08 .iconlist_content{\ncolor:#0d2b1c;\n}\n\n@media only screen and (max-width: 479px){ \n#top #wrap_all .avia-icon-list-container.av-r146cp-bca2f30ffcb97f9d6ae3b4099b5a3e08 .av_iconlist_title{\nfont-size:16px;\n}\n}\n<\/style>\n<div  class='avia-icon-list-container av-r146cp-bca2f30ffcb97f9d6ae3b4099b5a3e08  avia-builder-el-3  avia-builder-el-no-sibling'><ul class='avia-icon-list avia_animate_when_almost_visible avia-icon-list-left av-iconlist-big av-r146cp-bca2f30ffcb97f9d6ae3b4099b5a3e08 avia-iconlist-animate'>\n<li><div class='iconlist_icon av-p0qamh-70bac0b644138271a5b95fcd2503990a avia-font-entypo-fontello'><span class='iconlist-char' aria-hidden='true' data-av_icon='\ue841' data-av_iconfont='entypo-fontello'><\/span><\/div><article class=\"article-icon-entry av-iconlist-empty\"  itemscope=\"itemscope\" itemtype=\"https:\/\/schema.org\/CreativeWork\" ><div class=\"iconlist_content_wrap\"><header class=\"entry-content-header\"><h4 class='av_iconlist_title iconlist_title  av_inherit_color'  itemprop=\"headline\" > Krankenfahrdienst<\/h4><\/header><div class='iconlist_content av_inherit_color'  itemprop=\"text\" ><\/div><\/div><footer class=\"entry-footer\"><\/footer><\/article><div class=\"iconlist-timeline\"><\/div><\/li>\n<li><div class='iconlist_icon av-mwqb95-d4e76a2d6a77432441f301c5d181aaec avia-font-entypo-fontello'><span class='iconlist-char' aria-hidden='true' data-av_icon='\ue864' data-av_iconfont='entypo-fontello'><\/span><\/div><article class=\"article-icon-entry av-iconlist-empty\"  itemscope=\"itemscope\" itemtype=\"https:\/\/schema.org\/CreativeWork\" ><div class=\"iconlist_content_wrap\"><header class=\"entry-content-header\"><h4 class='av_iconlist_title iconlist_title  av_inherit_color'  itemprop=\"headline\" > Krankenkassenleistungen<\/h4><\/header><div class='iconlist_content av_inherit_color'  itemprop=\"text\" ><\/div><\/div><footer class=\"entry-footer\"><\/footer><\/article><div class=\"iconlist-timeline\"><\/div><\/li>\n<li><div class='iconlist_icon av-l1mrdl-acfc5f03697f21896af77ec24d9c0e02 avia-font-entypo-fontello'><span class='iconlist-char' aria-hidden='true' data-av_icon='\ue858' data-av_iconfont='entypo-fontello'><\/span><\/div><article class=\"article-icon-entry av-iconlist-empty\"  itemscope=\"itemscope\" itemtype=\"https:\/\/schema.org\/CreativeWork\" ><div class=\"iconlist_content_wrap\"><header class=\"entry-content-header\"><h4 class='av_iconlist_title iconlist_title  av_inherit_color'  itemprop=\"headline\" > Pflegekassenleistungen<\/h4><\/header><div class='iconlist_content av_inherit_color'  itemprop=\"text\" ><\/div><\/div><footer class=\"entry-footer\"><\/footer><\/article><div class=\"iconlist-timeline\"><\/div><\/li>\n<li><div class='iconlist_icon av-ifk22x-1e1008a432db434921c7a82cedc3ac34 avia-font-entypo-fontello'><span class='iconlist-char' aria-hidden='true' data-av_icon='\ue806' data-av_iconfont='entypo-fontello'><\/span><\/div><article class=\"article-icon-entry av-iconlist-empty\"  itemscope=\"itemscope\" itemtype=\"https:\/\/schema.org\/CreativeWork\" ><div class=\"iconlist_content_wrap\"><header class=\"entry-content-header\"><h4 class='av_iconlist_title iconlist_title  av_inherit_color'  itemprop=\"headline\" > Betreuungs- u. Entlastungsangebote \u00fcber Pflegenetz<\/h4><\/header><div class='iconlist_content av_inherit_color'  itemprop=\"text\" ><\/div><\/div><footer class=\"entry-footer\"><\/footer><\/article><div class=\"iconlist-timeline\"><\/div><\/li>\n<li><div class='iconlist_icon av-gzfccp-798a6713c4c7eae0ff2d175a35e1d3eb avia-font-entypo-fontello'><span class='iconlist-char' aria-hidden='true' data-av_icon='\ue80c' data-av_iconfont='entypo-fontello'><\/span><\/div><article class=\"article-icon-entry av-iconlist-empty\"  itemscope=\"itemscope\" itemtype=\"https:\/\/schema.org\/CreativeWork\" ><div class=\"iconlist_content_wrap\"><header class=\"entry-content-header\"><h4 class='av_iconlist_title iconlist_title  av_inherit_color'  itemprop=\"headline\" > Tragestuhl - Rollstuhl - Liegend<\/h4><\/header><div class='iconlist_content av_inherit_color'  itemprop=\"text\" ><\/div><\/div><footer class=\"entry-footer\"><\/footer><\/article><div class=\"iconlist-timeline\"><\/div><\/li>\n<\/ul><\/div><\/div>\n<style type=\"text\/css\" data-created_by=\"avia_inline_auto\" id=\"style-css-av-ge70x5-40c1c087452eaeb3c678f44043532399\">\n@-webkit-keyframes av_boxShadowEffect_av-ge70x5-40c1c087452eaeb3c678f44043532399-column {\n0%   { box-shadow:  0 0 0 0 #c6c6c6; opacity: 1; }\n100% { box-shadow:  0 0 12px 0 #c6c6c6; opacity: 1; }\n}\n@keyframes av_boxShadowEffect_av-ge70x5-40c1c087452eaeb3c678f44043532399-column {\n0%   { box-shadow:  0 0 0 0 #c6c6c6; opacity: 1; }\n100% { box-shadow:  0 0 12px 0 #c6c6c6; opacity: 1; }\n}\n.flex_column.av-ge70x5-40c1c087452eaeb3c678f44043532399{\nbox-shadow: 0 0 12px 0 #c6c6c6;\n-webkit-border-radius:12px 12px 12px 12px;\n-moz-border-radius:12px 12px 12px 12px;\nborder-radius:12px 12px 12px 12px;\npadding:0 0 0 0;\n}\n<\/style>\n<div class='flex_column av-ge70x5-40c1c087452eaeb3c678f44043532399 av_one_half  avia-builder-el-4  el_after_av_one_half  el_before_av_hr  flex_column_div av-animated-generic right-to-left shadow-not-animated av-zero-column-padding'     ><style type=\"text\/css\" data-created_by=\"avia_inline_auto\" id=\"style-css-av-1eg315-04232e1d3732492a48b0f5a609c6d96a\">\n.avia-image-container.av-1eg315-04232e1d3732492a48b0f5a609c6d96a img.avia_image{\nbox-shadow:none;\n}\n.avia-image-container.av-1eg315-04232e1d3732492a48b0f5a609c6d96a .av-image-caption-overlay-center{\ncolor:#ffffff;\n}\n<\/style>\n<div  class='avia-image-container av-1eg315-04232e1d3732492a48b0f5a609c6d96a av-styling- av-hover-grow av-hide-overflow avia_animated_image av-animated-when-visible-95 pop-up avia-align-center  avia-builder-el-5  avia-builder-el-no-sibling'   itemprop=\"image\" itemscope=\"itemscope\" itemtype=\"https:\/\/schema.org\/ImageObject\" ><div class=\"avia-image-container-inner\"><div class=\"avia-image-overlay-wrap\"><img decoding=\"async\" class='wp-image-1222 avia-img-lazy-loading-not-1222 avia_image' src=\"https:\/\/the-eisenberg.com\/wp-content\/uploads\/2021\/11\/wheelchair-g46912d0ce_1280-705x470.jpg\" alt='' title=''  height=\"470\" width=\"705\"  itemprop=\"thumbnailUrl\" srcset=\"https:\/\/the-eisenberg.com\/wp-content\/uploads\/2021\/11\/wheelchair-g46912d0ce_1280-705x470.jpg 705w, https:\/\/the-eisenberg.com\/wp-content\/uploads\/2021\/11\/wheelchair-g46912d0ce_1280-300x200.jpg 300w, https:\/\/the-eisenberg.com\/wp-content\/uploads\/2021\/11\/wheelchair-g46912d0ce_1280-1030x686.jpg 1030w, https:\/\/the-eisenberg.com\/wp-content\/uploads\/2021\/11\/wheelchair-g46912d0ce_1280-768x512.jpg 768w, https:\/\/the-eisenberg.com\/wp-content\/uploads\/2021\/11\/wheelchair-g46912d0ce_1280-18x12.jpg 18w, https:\/\/the-eisenberg.com\/wp-content\/uploads\/2021\/11\/wheelchair-g46912d0ce_1280.jpg 1280w\" sizes=\"(max-width: 705px) 100vw, 705px\" \/><\/div><\/div><\/div><\/div>\n<style type=\"text\/css\" data-created_by=\"avia_inline_auto\" id=\"style-css-av-cwqcm1-2e4c57ee1562ab9eee6b5f5d373a6c34\">\n#top .hr.hr-invisible.av-cwqcm1-2e4c57ee1562ab9eee6b5f5d373a6c34{\nheight:15px;\n}\n<\/style>\n<div  class='hr av-cwqcm1-2e4c57ee1562ab9eee6b5f5d373a6c34 hr-invisible  avia-builder-el-6  el_after_av_one_half  el_before_av_heading'><span class='hr-inner'><span class=\"hr-inner-style\"><\/span><\/span><\/div>\n\n<style type=\"text\/css\" data-created_by=\"avia_inline_auto\" id=\"style-css-av-bfu789-9c9cd9c0e43f0c863c704baae23f4d13\">\n#top .av-special-heading.av-bfu789-9c9cd9c0e43f0c863c704baae23f4d13{\npadding-bottom:30px;\n}\nbody .av-special-heading.av-bfu789-9c9cd9c0e43f0c863c704baae23f4d13 .av-special-heading-tag .heading-char{\nfont-size:25px;\n}\n.av-special-heading.av-bfu789-9c9cd9c0e43f0c863c704baae23f4d13 .av-subheading{\nfont-size:15px;\n}\n<\/style>\n<div  class='av-special-heading av-bfu789-9c9cd9c0e43f0c863c704baae23f4d13 av-special-heading-h3 blockquote modern-quote modern-centered  avia-builder-el-7  el_after_av_hr  el_before_av_hr'><h3 class='av-special-heading-tag'  itemprop=\"headline\"  >..seien Sie unbesorgt, wir k\u00fcmmern uns herzlich gern um Sie &#8211; versprochen.<\/h3><div class=\"special-heading-border\"><div class=\"special-heading-inner-border\"><\/div><\/div><\/div>\n\n<style type=\"text\/css\" data-created_by=\"avia_inline_auto\" id=\"style-css-av-9js52h-c265eb9729818dcb689e36ffc7803aa4\">\n#top .hr.hr-invisible.av-9js52h-c265eb9729818dcb689e36ffc7803aa4{\nheight:15px;\n}\n<\/style>\n<div  class='hr av-9js52h-c265eb9729818dcb689e36ffc7803aa4 hr-invisible  avia-builder-el-8  el_after_av_heading  el_before_av_one_fifth'><span class='hr-inner'><span class=\"hr-inner-style\"><\/span><\/span><\/div>\n<div class='flex_column av-7sgwll-b9f910d2501a3420da09d9514d59365a av_one_fifth  avia-builder-el-9  el_after_av_hr  el_before_av_one_third  first flex_column_div'     ><\/div><div class='flex_column av-5ds6x5-467bd6ab9b37f29ccfd4f9f1935a83f2 av_one_third  avia-builder-el-10  el_after_av_one_fifth  el_before_av_one_third  flex_column_div av-animated-generic bottom-to-top'     ><div  class='avia-button-wrap av-4xzk8p-7a2dbc8283ce45b50b321ae3cc4a5a8d-wrap avia-button-center  avia-builder-el-11  avia-builder-el-no-sibling'>\n<style type=\"text\/css\" data-created_by=\"avia_inline_auto\" id=\"style-css-av-4xzk8p-7a2dbc8283ce45b50b321ae3cc4a5a8d\">\n#top #wrap_all .avia-button.av-4xzk8p-7a2dbc8283ce45b50b321ae3cc4a5a8d{\nbox-shadow: 1px 1px 5px 1px #e0e0e0;\n-webkit-transition:all 0.4s ease-in-out;\n-moz-transition:all 0.4s ease-in-out;\n-ms-transition:all 0.4s ease-in-out;\n-o-transition:all 0.4s ease-in-out;\ntransition:all 0.4s ease-in-out;\n}\n<\/style>\n<a href='tel:004934316980047'  class='avia-button av-4xzk8p-7a2dbc8283ce45b50b321ae3cc4a5a8d avia-icon_select-yes-left-icon avia-size-x-large avia-position-center avia-color-dark'  ><span class='avia_button_icon avia_button_icon_left' aria-hidden='true' data-av_icon='\ue854' data-av_iconfont='entypo-fontello'><\/span><span class='avia_iconbox_title' > 0049 3431 6980 047<\/span><\/a><\/div><\/div><div class='flex_column av-32jku1-30e56a8bc90117527f4b5280a33b247a av_one_third  avia-builder-el-12  el_after_av_one_third  avia-builder-el-last  flex_column_div av-animated-generic bottom-to-top'     ><div  class='avia-button-wrap av-kvj5zk2t-2902f788e5023fe801ed1ecc49cd377a-wrap avia-button-center  avia-builder-el-13  avia-builder-el-no-sibling'>\n<style type=\"text\/css\" data-created_by=\"avia_inline_auto\" id=\"style-css-av-kvj5zk2t-2902f788e5023fe801ed1ecc49cd377a\">\n#top #wrap_all .avia-button.av-kvj5zk2t-2902f788e5023fe801ed1ecc49cd377a{\nbox-shadow: 1px 1px 5px 1px #e0e0e0;\n-webkit-transition:all 0.4s ease-in-out;\n-moz-transition:all 0.4s ease-in-out;\n-ms-transition:all 0.4s ease-in-out;\n-o-transition:all 0.4s ease-in-out;\ntransition:all 0.4s ease-in-out;\n}\n<\/style>\n<a href='https:\/\/the-eisenberg.com\/wp-content\/uploads\/2021\/11\/Eisenberg-Fahrdienst-Doebeln.pdf' class='avia-button av-kvj5zk2t-2902f788e5023fe801ed1ecc49cd377a avia-icon_select-yes-left-icon avia-size-x-large avia-position-center avia-color-dark' target=\"_blank\" rel=\"noopener noreferrer\"><span class='avia_button_icon avia_button_icon_left' aria-hidden='true' data-av_icon='\ue82d' data-av_iconfont='entypo-fontello'><\/span><span class='avia_iconbox_title' > Visitenkarte speichern<\/span><\/a><\/div><\/div><\/div><\/div><\/main><!-- close content main element --><\/div><\/div><div id='after_section_1'  class='main_color av_default_container_wrap container_wrap sidebar_right'  ><div class='container av-section-cont-open' ><div class='template-page content  av-content-small alpha units'><div class='post-entry post-entry-type-page post-entry-1225'><div class='entry-content-wrapper clearfix'>","protected":false},"excerpt":{"rendered":"","protected":false},"author":1,"featured_media":0,"parent":0,"menu_order":0,"comment_status":"closed","ping_status":"closed","template":"","meta":[],"yoast_head":"<!-- This site is optimized with the Yoast SEO plugin v19.9 - https:\/\/yoast.com\/wordpress\/plugins\/seo\/ -->\n<title>Krankenbef\u00f6rderung - Eisenberg Limousinenservice - Wir bewegen Sie. Andr\u00e9 Strohbach<\/title>\n<meta name=\"description\" content=\"Krankenbef\u00f6rderung Tragstuhl \u2013 Rollstuhl \u2013 Liegend D\u00f6beln, Sachsen, Deutschlandweit\" \/>\n<meta name=\"robots\" content=\"index, follow, max-snippet:-1, max-image-preview:large, max-video-preview:-1\" \/>\n<link rel=\"canonical\" href=\"https:\/\/the-eisenberg.com\/en\/krankenbefoerderung\/\" \/>\n<meta property=\"og:locale\" content=\"en_GB\" \/>\n<meta property=\"og:type\" content=\"article\" \/>\n<meta property=\"og:title\" content=\"Krankenbef\u00f6rderung - Eisenberg Limousinenservice - Wir bewegen Sie. Andr\u00e9 Strohbach\" \/>\n<meta property=\"og:description\" content=\"Krankenbef\u00f6rderung Tragstuhl \u2013 Rollstuhl \u2013 Liegend D\u00f6beln, Sachsen, Deutschlandweit\" \/>\n<meta property=\"og:url\" content=\"https:\/\/the-eisenberg.com\/en\/krankenbefoerderung\/\" \/>\n<meta property=\"og:site_name\" content=\"Eisenberg Limousinenservice - Wir bewegen Sie. Andr\u00e9 Strohbach\" \/>\n<meta property=\"article:publisher\" content=\"https:\/\/www.facebook.com\/EISENBERG-Limousinen-291469437978449\/\" \/>\n<meta property=\"article:modified_time\" content=\"2021-11-03T06:54:35+00:00\" \/>\n<meta name=\"twitter:card\" content=\"summary_large_image\" \/>\n<script type=\"application\/ld+json\" class=\"yoast-schema-graph\">{\"@context\":\"https:\/\/schema.org\",\"@graph\":[{\"@type\":\"WebPage\",\"@id\":\"https:\/\/the-eisenberg.com\/krankenbefoerderung\/\",\"url\":\"https:\/\/the-eisenberg.com\/krankenbefoerderung\/\",\"name\":\"Krankenbef\u00f6rderung - Eisenberg Limousinenservice - Wir bewegen Sie. Andr\u00e9 Strohbach\",\"isPartOf\":{\"@id\":\"https:\/\/the-eisenberg.com\/#website\"},\"datePublished\":\"2021-11-02T19:49:47+00:00\",\"dateModified\":\"2021-11-03T06:54:35+00:00\",\"description\":\"Krankenbef\u00f6rderung Tragstuhl \u2013 Rollstuhl \u2013 Liegend D\u00f6beln, Sachsen, Deutschlandweit\",\"breadcrumb\":{\"@id\":\"https:\/\/the-eisenberg.com\/krankenbefoerderung\/#breadcrumb\"},\"inLanguage\":\"en-GB\",\"potentialAction\":[{\"@type\":\"ReadAction\",\"target\":[\"https:\/\/the-eisenberg.com\/krankenbefoerderung\/\"]}]},{\"@type\":\"BreadcrumbList\",\"@id\":\"https:\/\/the-eisenberg.com\/krankenbefoerderung\/#breadcrumb\",\"itemListElement\":[{\"@type\":\"ListItem\",\"position\":1,\"name\":\"Home\",\"item\":\"https:\/\/the-eisenberg.com\/home\/\"},{\"@type\":\"ListItem\",\"position\":2,\"name\":\"Krankenbef\u00f6rderung\"}]},{\"@type\":\"WebSite\",\"@id\":\"https:\/\/the-eisenberg.com\/#website\",\"url\":\"https:\/\/the-eisenberg.com\/\",\"name\":\"Eisenberg Limousinenservice - Wir bewegen Sie. Andr\u00e9 Strohbach\",\"description\":\"Shuttle &amp; Chauffeurservice Leipzig Dresden Chemnitz-Sachsen\",\"potentialAction\":[{\"@type\":\"SearchAction\",\"target\":{\"@type\":\"EntryPoint\",\"urlTemplate\":\"https:\/\/the-eisenberg.com\/?s={search_term_string}\"},\"query-input\":\"required name=search_term_string\"}],\"inLanguage\":\"en-GB\"}]}<\/script>\n<!-- \/ Yoast SEO plugin. -->","yoast_head_json":{"title":"Krankenbef\u00f6rderung - Eisenberg Limousinenservice - Wir bewegen Sie. Andr\u00e9 Strohbach","description":"Krankenbef\u00f6rderung Tragstuhl \u2013 Rollstuhl \u2013 Liegend D\u00f6beln, Sachsen, Deutschlandweit","robots":{"index":"index","follow":"follow","max-snippet":"max-snippet:-1","max-image-preview":"max-image-preview:large","max-video-preview":"max-video-preview:-1"},"canonical":"https:\/\/the-eisenberg.com\/en\/krankenbefoerderung\/","og_locale":"en_GB","og_type":"article","og_title":"Krankenbef\u00f6rderung - Eisenberg Limousinenservice - Wir bewegen Sie. Andr\u00e9 Strohbach","og_description":"Krankenbef\u00f6rderung Tragstuhl \u2013 Rollstuhl \u2013 Liegend D\u00f6beln, Sachsen, Deutschlandweit","og_url":"https:\/\/the-eisenberg.com\/en\/krankenbefoerderung\/","og_site_name":"Eisenberg Limousinenservice - Wir bewegen Sie. Andr\u00e9 Strohbach","article_publisher":"https:\/\/www.facebook.com\/EISENBERG-Limousinen-291469437978449\/","article_modified_time":"2021-11-03T06:54:35+00:00","twitter_card":"summary_large_image","schema":{"@context":"https:\/\/schema.org","@graph":[{"@type":"WebPage","@id":"https:\/\/the-eisenberg.com\/krankenbefoerderung\/","url":"https:\/\/the-eisenberg.com\/krankenbefoerderung\/","name":"Krankenbef\u00f6rderung - Eisenberg Limousinenservice - Wir bewegen Sie. Andr\u00e9 Strohbach","isPartOf":{"@id":"https:\/\/the-eisenberg.com\/#website"},"datePublished":"2021-11-02T19:49:47+00:00","dateModified":"2021-11-03T06:54:35+00:00","description":"Krankenbef\u00f6rderung Tragstuhl \u2013 Rollstuhl \u2013 Liegend D\u00f6beln, Sachsen, Deutschlandweit","breadcrumb":{"@id":"https:\/\/the-eisenberg.com\/krankenbefoerderung\/#breadcrumb"},"inLanguage":"en-GB","potentialAction":[{"@type":"ReadAction","target":["https:\/\/the-eisenberg.com\/krankenbefoerderung\/"]}]},{"@type":"BreadcrumbList","@id":"https:\/\/the-eisenberg.com\/krankenbefoerderung\/#breadcrumb","itemListElement":[{"@type":"ListItem","position":1,"name":"Home","item":"https:\/\/the-eisenberg.com\/home\/"},{"@type":"ListItem","position":2,"name":"Krankenbef\u00f6rderung"}]},{"@type":"WebSite","@id":"https:\/\/the-eisenberg.com\/#website","url":"https:\/\/the-eisenberg.com\/","name":"Eisenberg Limousinenservice - Wir bewegen Sie. Andr\u00e9 Strohbach","description":"Shuttle &amp; Chauffeurservice Leipzig Dresden Chemnitz-Sachsen","potentialAction":[{"@type":"SearchAction","target":{"@type":"EntryPoint","urlTemplate":"https:\/\/the-eisenberg.com\/?s={search_term_string}"},"query-input":"required name=search_term_string"}],"inLanguage":"en-GB"}]}},"_links":{"self":[{"href":"https:\/\/the-eisenberg.com\/en\/wp-json\/wp\/v2\/pages\/1225"}],"collection":[{"href":"https:\/\/the-eisenberg.com\/en\/wp-json\/wp\/v2\/pages"}],"about":[{"href":"https:\/\/the-eisenberg.com\/en\/wp-json\/wp\/v2\/types\/page"}],"author":[{"embeddable":true,"href":"https:\/\/the-eisenberg.com\/en\/wp-json\/wp\/v2\/users\/1"}],"replies":[{"embeddable":true,"href":"https:\/\/the-eisenberg.com\/en\/wp-json\/wp\/v2\/comments?post=1225"}],"version-history":[{"count":18,"href":"https:\/\/the-eisenberg.com\/en\/wp-json\/wp\/v2\/pages\/1225\/revisions"}],"predecessor-version":[{"id":1254,"href":"https:\/\/the-eisenberg.com\/en\/wp-json\/wp\/v2\/pages\/1225\/revisions\/1254"}],"wp:attachment":[{"href":"https:\/\/the-eisenberg.com\/en\/wp-json\/wp\/v2\/media?parent=1225"}],"curies":[{"name":"wp","href":"https:\/\/api.w.org\/{rel}","templated":true}]}}